{"id":2042,"date":"2023-06-19T16:05:22","date_gmt":"2023-06-19T20:05:22","guid":{"rendered":"https:\/\/cater23.us.tempcloudsite.com\/politique-de-confidentialite\/"},"modified":"2023-12-11T15:03:08","modified_gmt":"2023-12-11T20:03:08","slug":"politique-de-confidentialite","status":"publish","type":"page","link":"https:\/\/catered.menu\/fr\/politique-de-confidentialite\/","title":{"rendered":"Politique de Confidentialit\u00e9"},"content":{"rendered":"\n<div style=\"height:100px\" aria-hidden=\"true\" class=\"wp-block-spacer\"><\/div>\n<figure style=\"width:500px;\" class=\"aligncenter wp-block-post-featured-image\"><img loading=\"lazy\" decoding=\"async\" width=\"1200\" height=\"675\" src=\"https:\/\/catered.menu\/wp-content\/uploads\/2023\/06\/A-Catered-Affair_-Olives-Cheese-Dish-1200x675-1.jpg\" class=\"attachment-post-thumbnail size-post-thumbnail wp-post-image\" alt=\"\" style=\"object-fit:cover;\" srcset=\"https:\/\/catered.menu\/wp-content\/uploads\/2023\/06\/A-Catered-Affair_-Olives-Cheese-Dish-1200x675-1.jpg 1200w, https:\/\/catered.menu\/wp-content\/uploads\/2023\/06\/A-Catered-Affair_-Olives-Cheese-Dish-1200x675-1-600x338.jpg 600w, https:\/\/catered.menu\/wp-content\/uploads\/2023\/06\/A-Catered-Affair_-Olives-Cheese-Dish-1200x675-1-800x450.jpg 800w, https:\/\/catered.menu\/wp-content\/uploads\/2023\/06\/A-Catered-Affair_-Olives-Cheese-Dish-1200x675-1-768x432.jpg 768w\" sizes=\"auto, (max-width: 1200px) 100vw, 1200px\" \/><\/figure>\n<div style=\"height:50px\" aria-hidden=\"true\" class=\"wp-block-spacer\"><\/div>\n\n<h2 class=\"wp-block-heading\">QUI SOMMES NOUS<\/h2>\n\n<p>Notre adresse internet est: https:\/\/catered.menu<\/p>\n\n<h2 class=\"wp-block-heading\">remboursements et d\u00e9p\u00f4ts<\/h2>\n\n<p>Un acompte est n\u00e9cessaire pour r\u00e9server la date (montant \u00e0 d\u00e9terminer une fois la demande envoy\u00e9e).<\/p>\n\n<p>Les d\u00e9p\u00f4ts sont non remboursables et non transf\u00e9rables.<\/p>\n\n<h2 class=\"wp-block-heading\" style=\"margin-top:var(--wp--preset--spacing--30)\">COOKIES INTERNET<\/h2>\n\n<p>Si vous visitez notre page de connection, nous d\u00e9finirons un cookie temporaire pour d\u00e9terminer si notre navigateur accepte les cookies. Ce cookie ne contient aucune donn\u00e9e personnelle et est. supprim\u00e9 lorsque vous fermez votre navigateur.<\/p>\n\n<p>Lors de votre connexion, nous mettrons \u00e9galement en place plusieurs cookies pour enregistrer vos informations de connexion et vos choix d\u2019affichage \u00e0 l\u2019\u00e9cran. Les cookies de connexion durent deux jours et les options d\u2019\u00e9cran. Les cookies durent un an. Si vous choisissez \u00ab\u00a0Se souvenir de moi\u00a0\u00bb, votre connexion sera conserv\u00e9e pendant deux semaines. Si vous vous d\u00e9connectez de votre compte, les cookies de connexion seront supprim\u00e9s.<\/p>\n\n<p>Si vous effectuez un achat en utilisant notre magasin en ligne, les cookies sont utilis\u00e9s pour garder une trace des articles dans votre panier.<\/p>\n\n<p>Les cookies sont utilis\u00e9s sur ce site web pour aider \u00e0 analyser le trafic sur le site et optimiser la fonctionnalit\u00e9. <\/p>\n\n<h2 class=\"wp-block-heading\" style=\"margin-top:var(--wp--preset--spacing--30)\">AVEC QUI PARTAGEONS NOUS VOS DONN\u00c9ES.<\/h2>\n\n<p>Si vous demandez une r\u00e9initialisation de mot de passe, votre adresse IP sera incluse dans le courriel de reinitialization.<\/p>\n\n<p>Si vous effectuez un achat en utilisant notre boutique en ligne, vos informations personnelles seront partag\u00e9es avec notre processeur de paiement afin de finaliser votre achat.<\/p>\n\n<p>Pour les utilisateurs qui s\u2019inscrivent sur votre site Web, nous stockons \u00e9galement les informations personnelles qu\u2019ils fournissent dans leur profil d\u2019utilisateur. Tout les utilisateurs peuvent voir, modifier ou supprimer leurs informations personnelles \u00e0 tout moment (sauf qu\u2019ils ne peuvent pas modifier leur nom d\u2019utilisateur). <\/p>\n\n<p>Les administrateurs du site Web peuvent \u00e9galement voir et modifier les information.<\/p>\n\n<h2 class=\"wp-block-heading\" style=\"margin-top:var(--wp--preset--spacing--30)\">QUELS DROITS VOUS AVEZ SUR VOS DONN\u00c9ES<\/h2>\n\n<p>Si vous disposez d&rsquo;un compte sur ce site, vous pouvez demander \u00e0 recevoir un fichier export\u00e9 des donn\u00e9es personnelles que nous d\u00e9tenons \u00e0 votre sujet, y compris toutes les donn\u00e9es que vous nous avez fournies. Vous pouvez \u00e9galement demander que nous supprimions toutes les donn\u00e9es personnelles que nous d\u00e9tenons \u00e0 votre sujet. Cela n\u2019inclut aucune donn\u00e9e. Nous sommes tenus de les conserver \u00e0 fins administratives, juridiques ou de s\u00e9curit\u00e9.<\/p>\n\n<div style=\"height:100px\" aria-hidden=\"true\" class=\"wp-block-spacer\"><\/div>\n","protected":false},"excerpt":{"rendered":"<p>QUI SOMMES NOUS Notre adresse internet est: https:\/\/catered.menu remboursements et d\u00e9p\u00f4ts Un acompte est n\u00e9cessaire pour r\u00e9server la date (montant \u00e0 d\u00e9terminer une fois la demande envoy\u00e9e). Les d\u00e9p\u00f4ts sont non remboursables et non transf\u00e9rables. COOKIES INTERNET Si vous visitez notre page de connection, nous d\u00e9finirons un cookie temporaire pour d\u00e9terminer si notre navigateur accepte&hellip;<\/p>\n","protected":false},"author":1,"featured_media":330,"parent":0,"menu_order":0,"comment_status":"closed","ping_status":"closed","template":"no-title","meta":{"_uag_custom_page_level_css":"","footnotes":""},"class_list":["post-2042","page","type-page","status-publish","has-post-thumbnail","hentry"],"uagb_featured_image_src":{"full":["https:\/\/catered.menu\/wp-content\/uploads\/2023\/06\/A-Catered-Affair_-Olives-Cheese-Dish-1200x675-1.jpg",1200,675,false],"thumbnail":["https:\/\/catered.menu\/wp-content\/uploads\/2023\/06\/A-Catered-Affair_-Olives-Cheese-Dish-1200x675-1-300x300.jpg",300,300,true],"medium":["https:\/\/catered.menu\/wp-content\/uploads\/2023\/06\/A-Catered-Affair_-Olives-Cheese-Dish-1200x675-1-800x450.jpg",800,450,true],"medium_large":["https:\/\/catered.menu\/wp-content\/uploads\/2023\/06\/A-Catered-Affair_-Olives-Cheese-Dish-1200x675-1-768x432.jpg",768,432,true],"large":["https:\/\/catered.menu\/wp-content\/uploads\/2023\/06\/A-Catered-Affair_-Olives-Cheese-Dish-1200x675-1.jpg",1200,675,false],"gs-tiny":["https:\/\/catered.menu\/wp-content\/uploads\/2023\/06\/A-Catered-Affair_-Olives-Cheese-Dish-1200x675-1.jpg",50,28,false],"1536x1536":["https:\/\/catered.menu\/wp-content\/uploads\/2023\/06\/A-Catered-Affair_-Olives-Cheese-Dish-1200x675-1.jpg",1200,675,false],"2048x2048":["https:\/\/catered.menu\/wp-content\/uploads\/2023\/06\/A-Catered-Affair_-Olives-Cheese-Dish-1200x675-1.jpg",1200,675,false],"woocommerce_thumbnail":["https:\/\/catered.menu\/wp-content\/uploads\/2023\/06\/A-Catered-Affair_-Olives-Cheese-Dish-1200x675-1-300x300.jpg",300,300,true],"woocommerce_single":["https:\/\/catered.menu\/wp-content\/uploads\/2023\/06\/A-Catered-Affair_-Olives-Cheese-Dish-1200x675-1-600x338.jpg",600,338,true],"woocommerce_gallery_thumbnail":["https:\/\/catered.menu\/wp-content\/uploads\/2023\/06\/A-Catered-Affair_-Olives-Cheese-Dish-1200x675-1-100x100.jpg",100,100,true]},"uagb_author_info":{"display_name":"A Catered Affair","author_link":"https:\/\/catered.menu\/fr\/author\/tcmcrae\/"},"uagb_comment_info":0,"uagb_excerpt":"QUI SOMMES NOUS Notre adresse internet est: https:\/\/catered.menu remboursements et d\u00e9p\u00f4ts Un acompte est n\u00e9cessaire pour r\u00e9server la date (montant \u00e0 d\u00e9terminer une fois la demande envoy\u00e9e). Les d\u00e9p\u00f4ts sont non remboursables et non transf\u00e9rables. COOKIES INTERNET Si vous visitez notre page de connection, nous d\u00e9finirons un cookie temporaire pour d\u00e9terminer si notre navigateur accepte&hellip;","_links":{"self":[{"href":"https:\/\/catered.menu\/fr\/wp-json\/wp\/v2\/pages\/2042","targetHints":{"allow":["GET"]}}],"collection":[{"href":"https:\/\/catered.menu\/fr\/wp-json\/wp\/v2\/pages"}],"about":[{"href":"https:\/\/catered.menu\/fr\/wp-json\/wp\/v2\/types\/page"}],"author":[{"embeddable":true,"href":"https:\/\/catered.menu\/fr\/wp-json\/wp\/v2\/users\/1"}],"replies":[{"embeddable":true,"href":"https:\/\/catered.menu\/fr\/wp-json\/wp\/v2\/comments?post=2042"}],"version-history":[{"count":6,"href":"https:\/\/catered.menu\/fr\/wp-json\/wp\/v2\/pages\/2042\/revisions"}],"predecessor-version":[{"id":2253,"href":"https:\/\/catered.menu\/fr\/wp-json\/wp\/v2\/pages\/2042\/revisions\/2253"}],"wp:featuredmedia":[{"embeddable":true,"href":"https:\/\/catered.menu\/fr\/wp-json\/wp\/v2\/media\/330"}],"wp:attachment":[{"href":"https:\/\/catered.menu\/fr\/wp-json\/wp\/v2\/media?parent=2042"}],"curies":[{"name":"wp","href":"https:\/\/api.w.org\/{rel}","templated":true}]}}