{"id":1979,"date":"2023-06-27T15:39:50","date_gmt":"2023-06-27T19:39:50","guid":{"rendered":"https:\/\/cater23.us.tempcloudsite.com\/faq\/"},"modified":"2023-12-06T19:38:43","modified_gmt":"2023-12-07T00:38:43","slug":"faq","status":"publish","type":"page","link":"https:\/\/catered.menu\/fr\/faq\/","title":{"rendered":"FAQ"},"content":{"rendered":"\n<div style=\"height:50px\" aria-hidden=\"true\" class=\"wp-block-spacer\"><\/div>\n\n\n\n<div class=\"wp-block-columns alignwide is-layout-flex wp-container-core-columns-is-layout-e31d4c4f wp-block-columns-is-layout-flex\" style=\"margin-top:var(--wp--preset--spacing--40);margin-bottom:var(--wp--preset--spacing--40);padding-top:var(--wp--preset--spacing--20);padding-right:var(--wp--preset--spacing--20);padding-bottom:var(--wp--preset--spacing--20);padding-left:var(--wp--preset--spacing--20)\">\n<div class=\"wp-block-column is-layout-flow wp-block-column-is-layout-flow\" style=\"flex-basis:33.33%\">\n<figure data-spectra-id=\"spectra-e4fdeb55-b5ec-4254-819f-d0dfd10eb8be\" class=\"wp-block-image size-large\"><img loading=\"lazy\" decoding=\"async\" width=\"506\" height=\"675\" src=\"https:\/\/catered.menu\/wp-content\/uploads\/2023\/06\/A-Catered-Affair_-photo-14-600x800-1-506x675.jpg\" alt=\"\" class=\"wp-image-84\" srcset=\"https:\/\/catered.menu\/wp-content\/uploads\/2023\/06\/A-Catered-Affair_-photo-14-600x800-1-506x675.jpg 506w, https:\/\/catered.menu\/wp-content\/uploads\/2023\/06\/A-Catered-Affair_-photo-14-600x800-1-450x600.jpg 450w, https:\/\/catered.menu\/wp-content\/uploads\/2023\/06\/A-Catered-Affair_-photo-14-600x800-1.jpg 600w\" sizes=\"auto, (max-width: 506px) 100vw, 506px\" \/><\/figure>\n\n\n\n<div style=\"height:10px\" aria-hidden=\"true\" class=\"wp-block-spacer\"><\/div>\n\n\n\n<p>Si vous avez d&rsquo;autres questions ou si vous souhaitez discuter de votre \u00e9v\u00e9nement en d\u00e9tail, n&rsquo;h\u00e9sitez pas \u00e0 nous contacter. Tim et Chantel McRae, ainsi que leur \u00e9quipe, sont l\u00e0 pour vous aider et veiller \u00e0 ce que votre exp\u00e9rience en mati\u00e8re de restauration d\u00e9passe vos attentes.<\/p>\n<\/div>\n\n\n\n<div class=\"wp-block-column is-layout-flow wp-block-column-is-layout-flow\" style=\"flex-basis:66.66%\">\n<h2 class=\"wp-block-heading\">FOIRE AUX QUESTIONS (FAQ)<\/h2>\n\n\n\n<p><strong>Combien de personnes pouvez-vous accueillir lors d\u2019un \u00e9v\u00e9nement ?<\/strong><br>Que vous organisez une rencontre intime ou un \u00e9v\u00e9nement de grande envergure, A Catered Affair vous garantit une exp\u00e9rience gastronomique exceptionnelle. En aillant la capacit\u00e9 d\u2019accueillir des groupes jusqu\u2019\u00e0 500 personnes, ainsi que plusieurs fonctions simultan\u00e9es, notre exp\u00e9rience et haute qualit\u00e9 de service sont certes \u00e0 combler toutes vos attentes pour votre prochain \u00e9v\u00e9nement. <\/p>\n\n\n\n<p><strong>\u00cates-vous en mesure d\u2019accommoder les besoins de ceux avec des restrictions alimentaires, tels que les v\u00e9g\u00e9tariens, les r\u00e9gimes sp\u00e9ciaux, et les allergies ?<\/strong><br>Absolument ! Nous comprenons l&rsquo;importance de r\u00e9pondre \u00e0 des besoins alimentaires vari\u00e9s. A Catered Affair propose un menu complet qui comprend une grande vari\u00e9t\u00e9 d&rsquo;options v\u00e9g\u00e9tariennes et de r\u00e9gimes sp\u00e9ciaux. Au cours du processus de planification, nous discuterons de vos besoins alimentaires sp\u00e9cifiques et travaillerons en \u00e9troite collaboration pour cr\u00e9er un menu adapt\u00e9 \u00e0 vos besoins et \u00e0 ceux de vos invit\u00e9s. Veuillez nous informer de toutes allergies alimentaires d\u2019avance et rassurez-vous que notre \u00e9quipe chevronn\u00e9e pr\u00e9pare soigneusement chacun des plats afin que ceux-ci respectent les allergies et d\u00e9fis alimentaires de vos convives.    <\/p>\n\n\n\n<p><strong>Puis-je personnaliser les menus ou apporter des modifications ?<\/strong><br>Tout \u00e0 fait ! Tous les menus pr\u00e9sent\u00e9s sur notre site web peuvent \u00eatre modifi\u00e9s pour r\u00e9pondre \u00e0 vos pr\u00e9f\u00e9rences et besoins sp\u00e9cifiques. Nous nous engageons \u00e0 faire en sorte que votre \u00e9v\u00e9nement refl\u00e8te votre style et vos go\u00fbts personnels. Tim et Chantel McRae adorent collaborer avec leurs clients pour cr\u00e9er des menus uniques et personnalis\u00e9s.   <\/p>\n\n\n\n<p><strong>Proposez-vous des prix r\u00e9duits pour les enfants ?<\/strong><br>Oui, les enfants \u00e2g\u00e9s de 5 \u00e0 10 ans b\u00e9n\u00e9ficient d&rsquo;un prix correspondant \u00e0 50 % du tarif adulte pour une entr\u00e9e. Les enfants de 4 ans et moins sont gratuits, par contre ils demeurent inclus dans le nombre de places assises de l\u2019\u00e9v\u00e9nement. Nous proposons \u00e9galement des menus sp\u00e9ciaux pour les enfants, adapt\u00e9s \u00e0 leurs pr\u00e9f\u00e9rences.   <\/p>\n\n\n\n<p><strong>Quelle est la tenue de vos serveurs ?<\/strong><br>Nos serveurs professionnels sont v\u00eatus avec go\u00fbt d&rsquo;un uniforme noir avec n\u0153ud papillon et portent des gants blancs lors du service. Notre personnel sympathique est \u00e0 votre disposition \u00e0 tout moment pour vous aider et vous garantir une exp\u00e9rience gastronomique \u00e9l\u00e9gante et m\u00e9morable, toujours en portant le sourire. <\/p>\n\n\n\n<p><strong>Le pourboire est-il inclus dans les frais de service ?<\/strong><br>Non. Les frais de service affix\u00e9s \u00e0 votre facture ne s&rsquo;appliquent qu\u2019aux frais reli\u00e9s au personnel requis lors de votre \u00e9v\u00e9nement et\/ou \u00e0 la livraison. Le pourboire n&rsquo;y est pas inclus et est \u00e0 la discr\u00e9tion du client.  <\/p>\n\n\n\n<p><strong>Quelles sont les r\u00e9gions couvertes par A Catered Affair &#8211; Tim et Chantel McRae ?<\/strong><br>Nous sommes fiers de desservir les r\u00e9gions de Vankleek Hill et Hawkesbury. Nos services s\u2019\u00e9tendent \u00e9galement \u00e0 divers endroits \u00e0 Ottawa, Gloucester, Casselman, Cornwall, Rockland, Alexandria, Grenville-Sur-La-Rouge, Cumberland, Orl\u00e9ans, Lachute, Rigaud, Hudson, Vaudreuil et Montr\u00e9al. Quel que soit l&rsquo;endroit o\u00f9 se d\u00e9roule votre \u00e9v\u00e9nement, nous nous engageons \u00e0 ce que vous puissiez profiter de notre expertise culinaire et notre service exceptionnel pour cr\u00e9er un \u00e9v\u00e9nement inoubliable. <\/p>\n<\/div>\n<\/div>\n\n\n\n<div class=\"wp-block-group alignfull is-style-beyond-ink-cta-group eplus-wrapper has-background-color has-accent-0-background-color has-text-color has-background is-content-justification-center is-layout-constrained wp-container-core-group-is-layout-d0aa3d4d wp-block-group-is-layout-constrained\" style=\"border-top-color:var(--wp--preset--color--background);border-top-width:3px;border-bottom-color:var(--wp--preset--color--background);border-bottom-width:3px;margin-top:0;margin-bottom:0;padding-top:var(--wp--preset--spacing--40);padding-right:var(--wp--preset--spacing--40);padding-bottom:var(--wp--preset--spacing--40);padding-left:var(--wp--preset--spacing--40)\">\n<div class=\"wp-block-group alignwide eplus-wrapper is-content-justification-space-between is-nowrap is-layout-flex wp-container-core-group-is-layout-0238bf38 wp-block-group-is-layout-flex\" style=\"min-height:0px\">\n<div class=\"wp-block-group eplus-wrapper is-nowrap is-layout-flex wp-container-core-group-is-layout-6c531013 wp-block-group-is-layout-flex\">\n<p class=\"has-lora-font-family eplus-wrapper has-montserrat-font-family has-large-font-size\" style=\"font-style:normal;font-weight:600\">Contactez-nous pour planifier votre prochain \u00e9v\u00e9nement !<\/p>\n<\/div>\n\n\n\n<div class=\"wp-block-buttons eplus-wrapper is-content-justification-center is-layout-flex wp-container-core-buttons-is-layout-a89b3969 wp-block-buttons-is-layout-flex\">\n<div class=\"wp-block-button aligncenter eplus-wrapper\"><a class=\"wp-block-button__link has-accent-0-color has-background-background-color has-text-color has-background wp-element-button\" href=\"\/fr\/demande-de-devis\/\" target=\"_blank\" rel=\"noreferrer noopener\">Commencer<\/a><\/div>\n<\/div>\n<\/div>\n<\/div>\n\n\n\n<div style=\"height:50px\" aria-hidden=\"true\" class=\"wp-block-spacer\"><\/div>\n","protected":false},"excerpt":{"rendered":"<p>Si vous avez d&rsquo;autres questions ou si vous souhaitez discuter de votre \u00e9v\u00e9nement en d\u00e9tail, n&rsquo;h\u00e9sitez pas \u00e0 nous contacter. Tim et Chantel McRae, ainsi que leur \u00e9quipe, sont l\u00e0 pour vous aider et veiller \u00e0 ce que votre exp\u00e9rience en mati\u00e8re de restauration d\u00e9passe vos attentes. FOIRE AUX QUESTIONS (FAQ) Combien de personnes pouvez-vous&hellip;<\/p>\n","protected":false},"author":1,"featured_media":980,"parent":0,"menu_order":0,"comment_status":"closed","ping_status":"closed","template":"no-title","meta":{"_uag_custom_page_level_css":"","footnotes":""},"class_list":["post-1979","page","type-page","status-publish","has-post-thumbnail","hentry"],"uagb_featured_image_src":{"full":["https:\/\/catered.menu\/wp-content\/uploads\/2023\/11\/appetizer.jpg",1200,675,false],"thumbnail":["https:\/\/catered.menu\/wp-content\/uploads\/2023\/11\/appetizer-300x300.jpg",300,300,true],"medium":["https:\/\/catered.menu\/wp-content\/uploads\/2023\/11\/appetizer-800x450.jpg",800,450,true],"medium_large":["https:\/\/catered.menu\/wp-content\/uploads\/2023\/11\/appetizer-768x432.jpg",768,432,true],"large":["https:\/\/catered.menu\/wp-content\/uploads\/2023\/11\/appetizer.jpg",1200,675,false],"gs-tiny":["https:\/\/catered.menu\/wp-content\/uploads\/2023\/11\/appetizer.jpg",50,28,false],"1536x1536":["https:\/\/catered.menu\/wp-content\/uploads\/2023\/11\/appetizer.jpg",1200,675,false],"2048x2048":["https:\/\/catered.menu\/wp-content\/uploads\/2023\/11\/appetizer.jpg",1200,675,false],"woocommerce_thumbnail":["https:\/\/catered.menu\/wp-content\/uploads\/2023\/11\/appetizer-300x300.jpg",300,300,true],"woocommerce_single":["https:\/\/catered.menu\/wp-content\/uploads\/2023\/11\/appetizer-600x338.jpg",600,338,true],"woocommerce_gallery_thumbnail":["https:\/\/catered.menu\/wp-content\/uploads\/2023\/11\/appetizer-100x100.jpg",100,100,true]},"uagb_author_info":{"display_name":"A Catered Affair","author_link":"https:\/\/catered.menu\/fr\/author\/tcmcrae\/"},"uagb_comment_info":0,"uagb_excerpt":"Si vous avez d&rsquo;autres questions ou si vous souhaitez discuter de votre \u00e9v\u00e9nement en d\u00e9tail, n&rsquo;h\u00e9sitez pas \u00e0 nous contacter. Tim et Chantel McRae, ainsi que leur \u00e9quipe, sont l\u00e0 pour vous aider et veiller \u00e0 ce que votre exp\u00e9rience en mati\u00e8re de restauration d\u00e9passe vos attentes. FOIRE AUX QUESTIONS (FAQ) Combien de personnes pouvez-vous&hellip;","_links":{"self":[{"href":"https:\/\/catered.menu\/fr\/wp-json\/wp\/v2\/pages\/1979","targetHints":{"allow":["GET"]}}],"collection":[{"href":"https:\/\/catered.menu\/fr\/wp-json\/wp\/v2\/pages"}],"about":[{"href":"https:\/\/catered.menu\/fr\/wp-json\/wp\/v2\/types\/page"}],"author":[{"embeddable":true,"href":"https:\/\/catered.menu\/fr\/wp-json\/wp\/v2\/users\/1"}],"replies":[{"embeddable":true,"href":"https:\/\/catered.menu\/fr\/wp-json\/wp\/v2\/comments?post=1979"}],"version-history":[{"count":3,"href":"https:\/\/catered.menu\/fr\/wp-json\/wp\/v2\/pages\/1979\/revisions"}],"predecessor-version":[{"id":2173,"href":"https:\/\/catered.menu\/fr\/wp-json\/wp\/v2\/pages\/1979\/revisions\/2173"}],"wp:featuredmedia":[{"embeddable":true,"href":"https:\/\/catered.menu\/fr\/wp-json\/wp\/v2\/media\/980"}],"wp:attachment":[{"href":"https:\/\/catered.menu\/fr\/wp-json\/wp\/v2\/media?parent=1979"}],"curies":[{"name":"wp","href":"https:\/\/api.w.org\/{rel}","templated":true}]}}