{"id":1976,"date":"2023-06-27T14:59:54","date_gmt":"2023-06-27T18:59:54","guid":{"rendered":"https:\/\/cater23.us.tempcloudsite.com\/about\/"},"modified":"2023-12-06T19:37:55","modified_gmt":"2023-12-07T00:37:55","slug":"a-propos","status":"publish","type":"page","link":"https:\/\/catered.menu\/fr\/a-propos\/","title":{"rendered":"\u00c0 Propos"},"content":{"rendered":"\n<div style=\"height:50px\" aria-hidden=\"true\" class=\"wp-block-spacer\"><\/div>\n\n\n\n<div class=\"wp-block-columns alignwide is-layout-flex wp-container-core-columns-is-layout-e31d4c4f wp-block-columns-is-layout-flex\" style=\"margin-top:var(--wp--preset--spacing--40);margin-bottom:var(--wp--preset--spacing--40);padding-top:var(--wp--preset--spacing--20);padding-right:var(--wp--preset--spacing--20);padding-bottom:var(--wp--preset--spacing--20);padding-left:var(--wp--preset--spacing--20)\">\n<div class=\"wp-block-column is-layout-flow wp-block-column-is-layout-flow\" style=\"flex-basis:33.33%\">\n<figure data-spectra-id=\"spectra-ae52a94f-04ac-457b-864f-ee7d9459382f\" class=\"wp-block-image aligncenter size-large resize-image-mobile\"><img loading=\"lazy\" decoding=\"async\" width=\"506\" height=\"675\" src=\"https:\/\/catered.menu\/wp-content\/uploads\/2023\/06\/A-Catered-Affair_-Tim-and-Chantel-McRae-600x800-1-506x675.jpg\" alt=\"\" class=\"wp-image-89\" srcset=\"https:\/\/catered.menu\/wp-content\/uploads\/2023\/06\/A-Catered-Affair_-Tim-and-Chantel-McRae-600x800-1-506x675.jpg 506w, https:\/\/catered.menu\/wp-content\/uploads\/2023\/06\/A-Catered-Affair_-Tim-and-Chantel-McRae-600x800-1-450x600.jpg 450w, https:\/\/catered.menu\/wp-content\/uploads\/2023\/06\/A-Catered-Affair_-Tim-and-Chantel-McRae-600x800-1.jpg 600w\" sizes=\"auto, (max-width: 506px) 100vw, 506px\" \/><\/figure>\n<\/div>\n\n\n\n<div class=\"wp-block-column is-layout-flow wp-block-column-is-layout-flow\" style=\"flex-basis:66.66%\">\n<h2 class=\"wp-block-heading\">UNE HISTOIRE D\u2019EXCELLENCE CULINAIRE DEPUIS 1994 \u2013 A CATERED AFFAIR PAR TIM ET CHANTEL MCRAE.<\/h2>\n\n\n\n<p>A Catered Affair est une entreprise familiale fond\u00e9e par Tim et Chantel McRae dans la ville pittoresque de Vankleek Hill. Avec plus de 30 ans d&rsquo;exp\u00e9rience dans l&rsquo;industrie de la restauration, nous nous sommes \u00e9tablis comme \u00e9tant un service de traiteur de haute gamme dans l&rsquo;est de l&rsquo;Ontario et l&rsquo;ouest du Qu\u00e9bec. <\/p>\n\n\n\n<p>Notre parcours a d\u00e9but\u00e9 en 1994 lorsque nous d\u00e9cid\u00e2mes de transformer notre passion pour la nourriture de qualit\u00e9 et le service exceptionnel en une entreprise florissante. Depuis, nous sommes consacr\u00e9s \u00e0 la cr\u00e9ation d&rsquo;exp\u00e9riences culinaires m\u00e9morables pour un large \u00e9ventail d&rsquo;\u00e9v\u00e9nements, qu&rsquo;il s&rsquo;agisse de rassemblements intimes ou de c\u00e9l\u00e9brations de grande envergure. <\/p>\n\n\n\n<p>Durant nos ann\u00e9es de services dans l\u2019industrie, nous organis\u00e2mes d&rsquo;innombrables mariages, galas, r\u00e9unions, tournois de golf, cocktails gastronomiques, conf\u00e9rences de presse, enterrements et f\u00eates pr\u00e9natales. Notre expertise s&rsquo;\u00e9tend au-del\u00e0 des lieux d&rsquo;\u00e9v\u00e9nements traditionnels, puisque nous apport\u00e2mes nos services traiteur dans les mus\u00e9es, les terrains de golf, les salles de banquet, les tentes en plein air, les champs de fermiers, les bateaux et les belles demeures de nos clients estim\u00e9s. <\/p>\n\n\n\n<p>Chez A Catered Affair, nous croyons que chaque \u00e9v\u00e9nement est unique et m\u00e9rite une touche d\u00e9vou\u00e9e. Notre \u00e9quipe talentueuse compos\u00e9e d&rsquo;experts culinaires et de planificateurs d&rsquo;\u00e9v\u00e9nements travaillera en \u00e9troite collaboration avec vous pour cr\u00e9er un menu personnalis\u00e9 qui refl\u00e8tera vos pr\u00e9f\u00e9rences individuelles et d\u00e9passera vos attentes. Nous sommes fiers d&rsquo;utiliser les meilleurs ingr\u00e9dients locaux pour cr\u00e9er des plats exquis qui ravissent les sens.  <\/p>\n\n\n\n<p>Nos services s\u2019\u00e9tendent aux r\u00e9gions de Vankleek Hill, Hawkesbury, Casselman, Cornwall, Rockland, Alexandria, Ottawa, Gloucester, Cumberland, Orl\u00e9ans, Grenville-sur-La-Rouge, Lachute, Rigaud, Hudson, Vaudreuil et Montr\u00e9al. Quel que soit l&rsquo;endroit o\u00f9 se d\u00e9roule votre \u00e9v\u00e9nement dans ces r\u00e9gions, nous nous engageons \u00e0 fournir des services de traiteur impeccables, d\u00e9montrant un grand souci au d\u00e9tail et une hospitalit\u00e9 chaleureuse. <\/p>\n\n\n\n<p>Nous vous invitons \u00e0 explorer nos menus et d\u00e9couvrir les d\u00e9lices culinaires qui vous attendent. Que vous tenez une id\u00e9e pr\u00e9cise en t\u00eate de vos besoins, ou que vous d\u00e9sirez notre appui pour s\u00e9lectionner les plats parfaits, notre \u00e9quipe bilingue et d\u00e9vou\u00e9e vous aidera \u00e0 structurer votre \u00e9v\u00e9nement de A \u00e0 Z. Nous attendons avec enthousiasme l\u2019occasion de travailler avec vous.  <\/p>\n<\/div>\n<\/div>\n\n\n\n<div class=\"wp-block-group alignfull is-style-beyond-ink-cta-group eplus-wrapper has-background-color has-accent-0-background-color has-text-color has-background is-content-justification-center is-layout-constrained wp-container-core-group-is-layout-d0aa3d4d wp-block-group-is-layout-constrained\" style=\"border-top-color:var(--wp--preset--color--background);border-top-width:3px;border-bottom-color:var(--wp--preset--color--background);border-bottom-width:3px;margin-top:0;margin-bottom:0;padding-top:var(--wp--preset--spacing--40);padding-right:var(--wp--preset--spacing--40);padding-bottom:var(--wp--preset--spacing--40);padding-left:var(--wp--preset--spacing--40)\">\n<div class=\"wp-block-group alignwide eplus-wrapper is-content-justification-space-between is-nowrap is-layout-flex wp-container-core-group-is-layout-0238bf38 wp-block-group-is-layout-flex\" style=\"min-height:0px\">\n<div class=\"wp-block-group eplus-wrapper is-nowrap is-layout-flex wp-container-core-group-is-layout-6c531013 wp-block-group-is-layout-flex\">\n<p class=\"has-lora-font-family eplus-wrapper has-montserrat-font-family has-large-font-size\" style=\"font-style:normal;font-weight:600\">Contactez-nous pour planifier votre prochain \u00e9v\u00e9nement !<\/p>\n<\/div>\n\n\n\n<div class=\"wp-block-buttons eplus-wrapper is-content-justification-center is-layout-flex wp-container-core-buttons-is-layout-a89b3969 wp-block-buttons-is-layout-flex\">\n<div class=\"wp-block-button aligncenter eplus-wrapper\"><a class=\"wp-block-button__link has-accent-0-color has-background-background-color has-text-color has-background wp-element-button\" href=\"\/fr\/demande-de-devis\/\" target=\"_blank\" rel=\"noreferrer noopener\">Commencer<\/a><\/div>\n<\/div>\n<\/div>\n<\/div>\n","protected":false},"excerpt":{"rendered":"<p>UNE HISTOIRE D\u2019EXCELLENCE CULINAIRE DEPUIS 1994 \u2013 A CATERED AFFAIR PAR TIM ET CHANTEL MCRAE. A Catered Affair est une entreprise familiale fond\u00e9e par Tim et Chantel McRae dans la ville pittoresque de Vankleek Hill. Avec plus de 30 ans d&rsquo;exp\u00e9rience dans l&rsquo;industrie de la restauration, nous nous sommes \u00e9tablis comme \u00e9tant un service de&hellip;<\/p>\n","protected":false},"author":1,"featured_media":970,"parent":0,"menu_order":0,"comment_status":"closed","ping_status":"closed","template":"no-title","meta":{"_uag_custom_page_level_css":"","footnotes":""},"class_list":["post-1976","page","type-page","status-publish","has-post-thumbnail","hentry"],"uagb_featured_image_src":{"full":["https:\/\/catered.menu\/wp-content\/uploads\/2023\/11\/A-Catered-Affair-team.jpg",1200,675,false],"thumbnail":["https:\/\/catered.menu\/wp-content\/uploads\/2023\/11\/A-Catered-Affair-team-300x300.jpg",300,300,true],"medium":["https:\/\/catered.menu\/wp-content\/uploads\/2023\/11\/A-Catered-Affair-team-800x450.jpg",800,450,true],"medium_large":["https:\/\/catered.menu\/wp-content\/uploads\/2023\/11\/A-Catered-Affair-team-768x432.jpg",768,432,true],"large":["https:\/\/catered.menu\/wp-content\/uploads\/2023\/11\/A-Catered-Affair-team.jpg",1200,675,false],"gs-tiny":["https:\/\/catered.menu\/wp-content\/uploads\/2023\/11\/A-Catered-Affair-team.jpg",50,28,false],"1536x1536":["https:\/\/catered.menu\/wp-content\/uploads\/2023\/11\/A-Catered-Affair-team.jpg",1200,675,false],"2048x2048":["https:\/\/catered.menu\/wp-content\/uploads\/2023\/11\/A-Catered-Affair-team.jpg",1200,675,false],"woocommerce_thumbnail":["https:\/\/catered.menu\/wp-content\/uploads\/2023\/11\/A-Catered-Affair-team-300x300.jpg",300,300,true],"woocommerce_single":["https:\/\/catered.menu\/wp-content\/uploads\/2023\/11\/A-Catered-Affair-team-600x338.jpg",600,338,true],"woocommerce_gallery_thumbnail":["https:\/\/catered.menu\/wp-content\/uploads\/2023\/11\/A-Catered-Affair-team-100x100.jpg",100,100,true]},"uagb_author_info":{"display_name":"A Catered Affair","author_link":"https:\/\/catered.menu\/fr\/author\/tcmcrae\/"},"uagb_comment_info":0,"uagb_excerpt":"UNE HISTOIRE D\u2019EXCELLENCE CULINAIRE DEPUIS 1994 \u2013 A CATERED AFFAIR PAR TIM ET CHANTEL MCRAE. A Catered Affair est une entreprise familiale fond\u00e9e par Tim et Chantel McRae dans la ville pittoresque de Vankleek Hill. Avec plus de 30 ans d&rsquo;exp\u00e9rience dans l&rsquo;industrie de la restauration, nous nous sommes \u00e9tablis comme \u00e9tant un service de&hellip;","_links":{"self":[{"href":"https:\/\/catered.menu\/fr\/wp-json\/wp\/v2\/pages\/1976","targetHints":{"allow":["GET"]}}],"collection":[{"href":"https:\/\/catered.menu\/fr\/wp-json\/wp\/v2\/pages"}],"about":[{"href":"https:\/\/catered.menu\/fr\/wp-json\/wp\/v2\/types\/page"}],"author":[{"embeddable":true,"href":"https:\/\/catered.menu\/fr\/wp-json\/wp\/v2\/users\/1"}],"replies":[{"embeddable":true,"href":"https:\/\/catered.menu\/fr\/wp-json\/wp\/v2\/comments?post=1976"}],"version-history":[{"count":6,"href":"https:\/\/catered.menu\/fr\/wp-json\/wp\/v2\/pages\/1976\/revisions"}],"predecessor-version":[{"id":2172,"href":"https:\/\/catered.menu\/fr\/wp-json\/wp\/v2\/pages\/1976\/revisions\/2172"}],"wp:featuredmedia":[{"embeddable":true,"href":"https:\/\/catered.menu\/fr\/wp-json\/wp\/v2\/media\/970"}],"wp:attachment":[{"href":"https:\/\/catered.menu\/fr\/wp-json\/wp\/v2\/media?parent=1976"}],"curies":[{"name":"wp","href":"https:\/\/api.w.org\/{rel}","templated":true}]}}