{"id":1327,"date":"2023-06-27T15:45:47","date_gmt":"2023-06-27T19:45:47","guid":{"rendered":"https:\/\/cater23.us.tempcloudsite.com\/demande-de-devis\/"},"modified":"2024-02-01T17:52:43","modified_gmt":"2024-02-01T22:52:43","slug":"demande-de-devis","status":"publish","type":"page","link":"https:\/\/catered.menu\/fr\/demande-de-devis\/","title":{"rendered":"Demande de devis"},"content":{"rendered":"\n<div style=\"height:50px\" aria-hidden=\"true\" class=\"wp-block-spacer\"><\/div>\n\n\n\n<div class=\"wp-block-columns alignwide is-layout-flex wp-container-core-columns-is-layout-e31d4c4f wp-block-columns-is-layout-flex\" style=\"margin-top:var(--wp--preset--spacing--40);margin-bottom:var(--wp--preset--spacing--40);padding-top:var(--wp--preset--spacing--20);padding-right:var(--wp--preset--spacing--20);padding-bottom:var(--wp--preset--spacing--20);padding-left:var(--wp--preset--spacing--20)\">\n<div class=\"wp-block-column is-layout-flow wp-block-column-is-layout-flow\" style=\"flex-basis:40%\">\n<h2 class=\"wp-block-heading has-medium-font-size\" style=\"text-transform:uppercase\">Bienvenue \u00e0 notre page de demande de devis !<\/h2>\n\n\n\n<p>Nous attendons avec enthousiasme l\u2019occasion de travailler avec vous pour cr\u00e9er une exp\u00e9rience culinaire inoubliable lors de votre prochain \u00e9v\u00e9nement. Pour vous offrir un service taill\u00e9 \u00e0 vos besoins sp\u00e9cifiques, veuillez s\u2019il vous pla\u00eet remplir le formulaire ci-dessous en incluant le plus de d\u00e9tails possibles sur l\u2019\u00e9v\u00e9nement que vous organisez.<\/p>\n\n\n\n<p>Ceci nous aidera \u00e0 comprendre votre vision pour que nous puissions vous offrir une exp\u00e9rience gastronomique exceptionnelle, certes \u00e0 d\u00e9passer vos attentes. Notre \u00e9quipe se consacre \u00e0 fournir un service de premier ordre et \u00e0 cr\u00e9er des moments inoubliables.<\/p>\n\n\n\n<p>Suite au formulaire rempli, nous vous contacterons prochainement avec un devis personnalis\u00e9, adapt\u00e9 \u00e0 vos besoins sp\u00e9cifiques et vos attentes individuelles.<\/p>\n\n\n\n<p>Nous vous remercions d&rsquo;avoir pens\u00e9 \u00e0 A Catered Affair &#8211; par Tim et Chantel McRae. <\/p>\n\n\n\n<div style=\"height:30px\" aria-hidden=\"true\" class=\"wp-block-spacer\"><\/div>\n\n\n\n<div class=\"wp-block-cover is-light\"><span aria-hidden=\"true\" class=\"wp-block-cover__background has-background-dim-0 has-background-dim\"><\/span><img loading=\"lazy\" decoding=\"async\" width=\"600\" height=\"800\" class=\"wp-block-cover__image-background wp-image-82\" alt=\"\" src=\"https:\/\/catered.menu\/wp-content\/uploads\/2023\/06\/A-Catered-Affair_-photo-12-600x800-1.jpg\" style=\"object-position:55% 91%\" data-object-fit=\"cover\" data-object-position=\"55% 91%\" srcset=\"https:\/\/catered.menu\/wp-content\/uploads\/2023\/06\/A-Catered-Affair_-photo-12-600x800-1.jpg 600w, https:\/\/catered.menu\/wp-content\/uploads\/2023\/06\/A-Catered-Affair_-photo-12-600x800-1-450x600.jpg 450w, https:\/\/catered.menu\/wp-content\/uploads\/2023\/06\/A-Catered-Affair_-photo-12-600x800-1-506x675.jpg 506w\" sizes=\"auto, (max-width: 600px) 100vw, 600px\" \/><div class=\"wp-block-cover__inner-container is-layout-flow wp-block-cover-is-layout-flow\">\n<p class=\"has-text-align-center has-large-font-size\"><\/p>\n<\/div><\/div>\n<\/div>\n\n\n\n<div class=\"wp-block-column is-layout-flow wp-block-column-is-layout-flow\" style=\"flex-basis:55%\">\n<div class=\"wp-block-contact-form-7-contact-form-selector\">\n<div class=\"wpcf7 no-js\" id=\"wpcf7-f2378-o1\" lang=\"fr-FR\" dir=\"ltr\" data-wpcf7-id=\"2378\">\n<div class=\"screen-reader-response\"><p role=\"status\" aria-live=\"polite\" aria-atomic=\"true\"><\/p> <ul><\/ul><\/div>\n<form action=\"\/fr\/wp-json\/wp\/v2\/pages\/1327#wpcf7-f2378-o1\" method=\"post\" class=\"wpcf7-form init\" aria-label=\"Formulaire de contact\" novalidate=\"novalidate\" data-status=\"init\">\n<fieldset class=\"hidden-fields-container\"><input type=\"hidden\" name=\"_wpcf7\" value=\"2378\" \/><input type=\"hidden\" name=\"_wpcf7_version\" value=\"6.1.4\" \/><input type=\"hidden\" name=\"_wpcf7_locale\" value=\"fr_FR\" \/><input type=\"hidden\" name=\"_wpcf7_unit_tag\" value=\"wpcf7-f2378-o1\" \/><input type=\"hidden\" name=\"_wpcf7_container_post\" value=\"0\" \/><input type=\"hidden\" name=\"_wpcf7_posted_data_hash\" value=\"\" \/>\n<\/fieldset>\n<p><label> Nom<br \/>\n<span class=\"wpcf7-form-control-wrap\" data-name=\"your-name\"><input size=\"40\" maxlength=\"400\" class=\"wpcf7-form-control wpcf7-text wpcf7-validates-as-required\" autocomplete=\"name\" aria-required=\"true\" aria-invalid=\"false\" placeholder=\"John\" value=\"\" type=\"text\" name=\"your-name\" \/><\/span> <\/label>\n<\/p>\n<p><label> Nom de l'entreprise<br \/>\n<span class=\"wpcf7-form-control-wrap\" data-name=\"your-business-name\"><input size=\"40\" maxlength=\"400\" class=\"wpcf7-form-control wpcf7-text\" autocomplete=\"name\" aria-invalid=\"false\" placeholder=\"Votre nom de l&#039;entreprise\" value=\"\" type=\"text\" name=\"your-business-name\" \/><\/span> <\/label>\n<\/p>\n<p><label> T\u00e9l\u00e9phone<br \/>\n<span class=\"wpcf7-form-control-wrap\" data-name=\"tel-503\"><input size=\"40\" maxlength=\"400\" class=\"wpcf7-form-control wpcf7-tel wpcf7-text wpcf7-validates-as-tel\" aria-invalid=\"false\" placeholder=\"123-456-7890\" value=\"\" type=\"tel\" name=\"tel-503\" \/><\/span> <\/label>\n<\/p>\n<p><label> Courriel<br \/>\n<span class=\"wpcf7-form-control-wrap\" data-name=\"your-email\"><input size=\"40\" maxlength=\"400\" class=\"wpcf7-form-control wpcf7-email wpcf7-validates-as-required wpcf7-text wpcf7-validates-as-email\" autocomplete=\"email\" aria-required=\"true\" aria-invalid=\"false\" placeholder=\"email@example.com\" value=\"\" type=\"email\" name=\"your-email\" \/><\/span> <\/label>\n<\/p>\n<p><label> Date de l'\u00e9v\u00e9nement<br \/>\n<span class=\"wpcf7-form-control-wrap\" data-name=\"date-529\"><input class=\"wpcf7-form-control wpcf7-date wpcf7-validates-as-date\" aria-invalid=\"false\" value=\"\" type=\"date\" name=\"date-529\" \/><\/span> <\/label>\n<\/p>\n<p><label> Time of Service Requested<br \/>\n<span class=\"wpcf7-form-control-wrap\" data-name=\"textarea-910\"><textarea cols=\"40\" rows=\"10\" maxlength=\"2000\" class=\"wpcf7-form-control wpcf7-textarea\" aria-invalid=\"false\" name=\"textarea-910\"><\/textarea><\/span> <\/label>\n<\/p>\n<p><label> Nombre d'invit\u00e9s<br \/>\n<span class=\"wpcf7-form-control-wrap\" data-name=\"textarea-911\"><textarea cols=\"40\" rows=\"10\" maxlength=\"2000\" class=\"wpcf7-form-control wpcf7-textarea\" aria-invalid=\"false\" name=\"textarea-911\"><\/textarea><\/span><\/label>\n<\/p>\n<p><label> Location<br \/>\n<span class=\"wpcf7-form-control-wrap\" data-name=\"textarea-912\"><textarea cols=\"40\" rows=\"10\" maxlength=\"2000\" class=\"wpcf7-form-control wpcf7-textarea\" aria-invalid=\"false\" name=\"textarea-912\"><\/textarea><\/span><\/label>\n<\/p>\n<p><label> Type de lieu<br \/>\n<span class=\"wpcf7-form-control-wrap\" data-name=\"textarea-913\"><textarea cols=\"40\" rows=\"10\" maxlength=\"2000\" class=\"wpcf7-form-control wpcf7-textarea\" aria-invalid=\"false\" name=\"textarea-913\"><\/textarea><\/span><\/label>\n<\/p>\n<p><label> Occasion<br \/>\n<span class=\"wpcf7-form-control-wrap\" data-name=\"textarea-914\"><textarea cols=\"40\" rows=\"10\" maxlength=\"2000\" class=\"wpcf7-form-control wpcf7-textarea\" aria-invalid=\"false\" name=\"textarea-914\"><\/textarea><\/span><\/label>\n<\/p>\n<p><label> Type de repas souhait\u00e9<br \/>\n<span class=\"wpcf7-form-control-wrap\" data-name=\"textarea-915\"><textarea cols=\"40\" rows=\"10\" maxlength=\"2000\" class=\"wpcf7-form-control wpcf7-textarea\" aria-invalid=\"false\" name=\"textarea-915\"><\/textarea><\/span><\/label>\n<\/p>\n<p><label> Message<br \/>\n<span class=\"wpcf7-form-control-wrap\" data-name=\"your-message\"><textarea cols=\"40\" rows=\"10\" maxlength=\"2000\" class=\"wpcf7-form-control wpcf7-textarea wpcf7-validates-as-required\" aria-required=\"true\" aria-invalid=\"false\" name=\"your-message\"><\/textarea><\/span> <\/label>\n<\/p>\n<p><span id=\"wpcf7-69e20b779c59b-wrapper\" class=\"wpcf7-form-control-wrap contact-name-wrap\" style=\"display:none !important; visibility:hidden !important;\"><label for=\"wpcf7-69e20b779c59b-field\" class=\"hp-message\">Veuillez laisser ce champ vide.<\/label><input id=\"wpcf7-69e20b779c59b-field\"  class=\"wpcf7-form-control wpcf7-text\" type=\"text\" name=\"contact-name\" value=\"\" size=\"40\" tabindex=\"-1\" autocomplete=\"new-password\" \/><\/span><br \/>\n<span id=\"wpcf7-69e20b779c649-wrapper\" class=\"wpcf7-form-control-wrap contact-email-wrap\" style=\"display:none !important; visibility:hidden !important;\"><label for=\"wpcf7-69e20b779c649-field\" class=\"hp-message\">Veuillez laisser ce champ vide.<\/label><input id=\"wpcf7-69e20b779c649-field\"  class=\"wpcf7-form-control wpcf7-text\" type=\"text\" name=\"contact-email\" value=\"\" size=\"40\" tabindex=\"-1\" autocomplete=\"new-password\" \/><\/span><br \/>\n<div class=\"cf7-cf-turnstile\" style=\"margin-top: 0px; margin-bottom: -15px;\"> <div id=\"cf-turnstile-cf7-2410412607\" class=\"cf-turnstile\" data-sitekey=\"0x4AAAAAAAQssj_EipXZmwer\" data-theme=\"light\" data-language=\"auto\" data-size=\"\" data-retry=\"auto\" data-retry-interval=\"1000\" data-refresh-expired=\"auto\" data-action=\"contact-form-7\" data-appearance=\"always\"><\/div> <script>document.addEventListener(\"DOMContentLoaded\", function() { setTimeout(function(){ var e=document.getElementById(\"cf-turnstile-cf7-2410412607\"); e&&!e.innerHTML.trim()&&(turnstile.remove(\"#cf-turnstile-cf7-2410412607\"), turnstile.render(\"#cf-turnstile-cf7-2410412607\", {sitekey:\"0x4AAAAAAAQssj_EipXZmwer\"})); }, 100); });<\/script> <br class=\"cf-turnstile-br cf-turnstile-br-cf7-2410412607\"> <style>#cf-turnstile-cf7-2410412607 { margin-left: -15px; }<\/style> <script>document.addEventListener(\"DOMContentLoaded\",function(){document.querySelectorAll('.wpcf7-form').forEach(function(e){e.addEventListener('submit',function(){if(document.getElementById('cf-turnstile-cf7-2410412607')){setTimeout(function(){turnstile.reset('#cf-turnstile-cf7-2410412607');},1000)}})})});<\/script> <\/div>\n<\/p>\n<p><input class=\"wpcf7-form-control wpcf7-submit has-spinner\" type=\"submit\" value=\"Submit\" \/>\n<\/p><div class=\"wpcf7-response-output\" aria-hidden=\"true\"><\/div>\n<\/form>\n<\/div>\n<\/div>\n<\/div>\n<\/div>\n\n\n\n<div style=\"height:50px\" aria-hidden=\"true\" class=\"wp-block-spacer\"><\/div>\n","protected":false},"excerpt":{"rendered":"<p>Bienvenue \u00e0 notre page de demande de devis ! Nous attendons avec enthousiasme l\u2019occasion de travailler avec vous pour cr\u00e9er une exp\u00e9rience culinaire inoubliable lors de votre prochain \u00e9v\u00e9nement. Pour vous offrir un service taill\u00e9 \u00e0 vos besoins sp\u00e9cifiques, veuillez s\u2019il vous pla\u00eet remplir le formulaire ci-dessous en incluant le plus de d\u00e9tails possibles sur&hellip;<\/p>\n","protected":false},"author":1,"featured_media":359,"parent":0,"menu_order":0,"comment_status":"closed","ping_status":"closed","template":"no-title","meta":{"_uag_custom_page_level_css":"","footnotes":""},"class_list":["post-1327","page","type-page","status-publish","has-post-thumbnail","hentry"],"uagb_featured_image_src":{"full":["https:\/\/catered.menu\/wp-content\/uploads\/2023\/06\/A-Catered-Affair_-tables-set-for-event-1200x675-1.jpg",1200,675,false],"thumbnail":["https:\/\/catered.menu\/wp-content\/uploads\/2023\/06\/A-Catered-Affair_-tables-set-for-event-1200x675-1-300x300.jpg",300,300,true],"medium":["https:\/\/catered.menu\/wp-content\/uploads\/2023\/06\/A-Catered-Affair_-tables-set-for-event-1200x675-1-800x450.jpg",800,450,true],"medium_large":["https:\/\/catered.menu\/wp-content\/uploads\/2023\/06\/A-Catered-Affair_-tables-set-for-event-1200x675-1-768x432.jpg",768,432,true],"large":["https:\/\/catered.menu\/wp-content\/uploads\/2023\/06\/A-Catered-Affair_-tables-set-for-event-1200x675-1.jpg",1200,675,false],"gs-tiny":["https:\/\/catered.menu\/wp-content\/uploads\/2023\/06\/A-Catered-Affair_-tables-set-for-event-1200x675-1.jpg",50,28,false],"1536x1536":["https:\/\/catered.menu\/wp-content\/uploads\/2023\/06\/A-Catered-Affair_-tables-set-for-event-1200x675-1.jpg",1200,675,false],"2048x2048":["https:\/\/catered.menu\/wp-content\/uploads\/2023\/06\/A-Catered-Affair_-tables-set-for-event-1200x675-1.jpg",1200,675,false],"woocommerce_thumbnail":["https:\/\/catered.menu\/wp-content\/uploads\/2023\/06\/A-Catered-Affair_-tables-set-for-event-1200x675-1-300x300.jpg",300,300,true],"woocommerce_single":["https:\/\/catered.menu\/wp-content\/uploads\/2023\/06\/A-Catered-Affair_-tables-set-for-event-1200x675-1-600x338.jpg",600,338,true],"woocommerce_gallery_thumbnail":["https:\/\/catered.menu\/wp-content\/uploads\/2023\/06\/A-Catered-Affair_-tables-set-for-event-1200x675-1-100x100.jpg",100,100,true]},"uagb_author_info":{"display_name":"A Catered Affair","author_link":"https:\/\/catered.menu\/fr\/author\/tcmcrae\/"},"uagb_comment_info":0,"uagb_excerpt":"Bienvenue \u00e0 notre page de demande de devis ! Nous attendons avec enthousiasme l\u2019occasion de travailler avec vous pour cr\u00e9er une exp\u00e9rience culinaire inoubliable lors de votre prochain \u00e9v\u00e9nement. Pour vous offrir un service taill\u00e9 \u00e0 vos besoins sp\u00e9cifiques, veuillez s\u2019il vous pla\u00eet remplir le formulaire ci-dessous en incluant le plus de d\u00e9tails possibles sur&hellip;","_links":{"self":[{"href":"https:\/\/catered.menu\/fr\/wp-json\/wp\/v2\/pages\/1327","targetHints":{"allow":["GET"]}}],"collection":[{"href":"https:\/\/catered.menu\/fr\/wp-json\/wp\/v2\/pages"}],"about":[{"href":"https:\/\/catered.menu\/fr\/wp-json\/wp\/v2\/types\/page"}],"author":[{"embeddable":true,"href":"https:\/\/catered.menu\/fr\/wp-json\/wp\/v2\/users\/1"}],"replies":[{"embeddable":true,"href":"https:\/\/catered.menu\/fr\/wp-json\/wp\/v2\/comments?post=1327"}],"version-history":[{"count":4,"href":"https:\/\/catered.menu\/fr\/wp-json\/wp\/v2\/pages\/1327\/revisions"}],"predecessor-version":[{"id":2379,"href":"https:\/\/catered.menu\/fr\/wp-json\/wp\/v2\/pages\/1327\/revisions\/2379"}],"wp:featuredmedia":[{"embeddable":true,"href":"https:\/\/catered.menu\/fr\/wp-json\/wp\/v2\/media\/359"}],"wp:attachment":[{"href":"https:\/\/catered.menu\/fr\/wp-json\/wp\/v2\/media?parent=1327"}],"curies":[{"name":"wp","href":"https:\/\/api.w.org\/{rel}","templated":true}]}}